{"id":246,"date":"2025-05-16T11:38:31","date_gmt":"2025-05-16T09:38:31","guid":{"rendered":"https:\/\/25mennikl.ideanet.at\/?page_id=246"},"modified":"2025-05-16T12:28:31","modified_gmt":"2025-05-16T10:28:31","slug":"impressum","status":"publish","type":"page","link":"https:\/\/25mennikl.ideanet.at\/index.php\/impressum\/","title":{"rendered":"Impressum"},"content":{"rendered":"\t\t<div data-elementor-type=\"wp-page\" data-elementor-id=\"246\" class=\"elementor elementor-246\">\n\t\t\t\t<div class=\"elementor-element elementor-element-828bea9 e-flex e-con-boxed wpr-particle-no wpr-jarallax-no wpr-parallax-no wpr-sticky-section-no e-con e-parent\" data-id=\"828bea9\" data-element_type=\"container\" data-e-type=\"container\">\n\t\t\t\t\t<div class=\"e-con-inner\">\n\t\t\t\t<div class=\"elementor-element elementor-element-d66b7bb elementor-widget elementor-widget-text-editor\" data-id=\"d66b7bb\" data-element_type=\"widget\" data-e-type=\"widget\" data-widget_type=\"text-editor.default\">\n\t\t\t\t<div class=\"elementor-widget-container\">\n\t\t\t\t\t\t\t\t\t<p class=\"MsoNormal\" style=\"margin-bottom: 15pt; background-image: initial; background-position: initial; background-size: initial; background-repeat: initial; background-attachment: initial; background-origin: initial; background-clip: initial;\"><b><span style=\"font-size: 24.0pt; font-family: 'Lato',sans-serif; mso-fareast-font-family: 'Times New Roman'; mso-bidi-font-family: 'Times New Roman'; color: #b88714; mso-font-kerning: 18.0pt; mso-ligatures: none; mso-fareast-language: DE-AT;\">Impressum<\/span><\/b><\/p><p class=\"MsoNormal\" style=\"margin-bottom: 19.2pt; line-height: normal; background-image: initial; background-position: initial; background-size: initial; background-repeat: initial; background-attachment: initial; background-origin: initial; background-clip: initial;\"><span style=\"font-family: Roboto; mso-fareast-font-family: 'Times New Roman'; mso-bidi-font-family: 'Times New Roman'; color: #6b4e09; mso-font-kerning: 0pt; mso-ligatures: none; mso-fareast-language: DE-AT;\">Angaben<br \/>gem\u00e4\u00df Informationspflicht laut \u00a75 E-Commerce Gesetz, \u00a714<br \/>Unternehmensgesetzbuch, \u00a763 Gewerbeordnung und Offenlegungspflicht laut \u00a725<br \/>Mediengesetz.<\/span><\/p><p class=\"MsoNormal\" style=\"margin-bottom: 19.2pt; line-height: normal; background-image: initial; background-position: initial; background-size: initial; background-repeat: initial; background-attachment: initial; background-origin: initial; background-clip: initial;\"><span style=\"font-family: Roboto; mso-fareast-font-family: 'Times New Roman'; mso-bidi-font-family: 'Times New Roman'; color: #6b4e09; mso-font-kerning: 0pt; mso-ligatures: none; mso-fareast-language: DE-AT;\">Eine Reiseum die Welt<br \/>Ennikl Michael<br \/>Dirnbergerstra\u00dfe 41,<br \/>4320 Perg,<br \/>\u00d6sterreich<\/span><\/p><p class=\"MsoNormal\" style=\"margin-bottom: 19.2pt; line-height: normal; background-image: initial; background-position: initial; background-size: initial; background-repeat: initial; background-attachment: initial; background-origin: initial; background-clip: initial;\"><b><span style=\"font-family: Roboto; mso-fareast-font-family: 'Times New Roman'; mso-bidi-font-family: 'Times New Roman'; color: #6b4e09; mso-font-kerning: 0pt; mso-ligatures: none; mso-fareast-language: DE-AT;\">Unternehmensgegenstand:<\/span><\/b><span style=\"font-family: Roboto; mso-fareast-font-family: 'Times New Roman'; mso-bidi-font-family: 'Times New Roman'; color: #6b4e09; mso-font-kerning: 0pt; mso-ligatures: none; mso-fareast-language: DE-AT;\">\u00a0Reiseblog<\/span><\/p><p class=\"MsoNormal\" style=\"margin-bottom: 19.2pt; line-height: normal; background-image: initial; background-position: initial; background-size: initial; background-repeat: initial; background-attachment: initial; background-origin: initial; background-clip: initial;\"><b><span style=\"font-family: Roboto; mso-fareast-font-family: 'Times New Roman'; mso-bidi-font-family: 'Times New Roman'; color: #6b4e09; mso-font-kerning: 0pt; mso-ligatures: none; mso-fareast-language: DE-AT;\">E-Mail:<\/span><\/b> <span style=\"color: black; mso-color-alt: windowtext;\"><a href=\"mailto:sandra.kern@hakperg.at\"><span style=\"font-family: Roboto; mso-fareast-font-family: 'Times New Roman'; mso-bidi-font-family: 'Times New Roman'; color: #6b4f0c; mso-font-kerning: 0pt; mso-ligatures: none; mso-fareast-language: DE-AT;\">michael.ennikl@hakperg.at<\/span><\/a><\/span><\/p><p class=\"MsoNormal\" style=\"margin-bottom: 19.2pt; line-height: normal; background-image: initial; background-position: initial; background-size: initial; background-repeat: initial; background-attachment: initial; background-origin: initial; background-clip: initial;\"><b><span style=\"font-family: Roboto; mso-fareast-font-family: 'Times New Roman'; mso-bidi-font-family: 'Times New Roman'; color: #6b4e09; mso-font-kerning: 0pt; mso-ligatures: none; mso-fareast-language: DE-AT;\">Kontaktdaten<br \/>des Verantwortlichen f\u00fcr Datenschutz<\/span><\/b><span style=\"font-family: Roboto; mso-fareast-font-family: 'Times New Roman'; mso-bidi-font-family: 'Times New Roman'; color: #6b4e09; mso-font-kerning: 0pt; mso-ligatures: none; mso-fareast-language: DE-AT;\"><br \/>Sollten Sie Fragen zum Datenschutz haben, finden Sie nachfolgend die<br \/>Kontaktdaten der verantwortlichen Person bzw. Stelle:<br \/>Ennikl Michael, BHAK Perg<br \/>(\u00dcbungsseite f\u00fcr Schulzwecke)<br \/>E-Mail-Adresse: <\/span><span style=\"color: black; mso-color-alt: windowtext;\"><a href=\"mailto:sandra.kern@hakperg.at\"><span style=\"font-family: Roboto; mso-fareast-font-family: 'Times New Roman'; mso-bidi-font-family: 'Times New Roman'; color: #6b4f0c; mso-font-kerning: 0pt; mso-ligatures: none; mso-fareast-language: DE-AT;\">michael.ennikl@hakperg.at<\/span><\/a><\/span><span style=\"font-family: Roboto; mso-fareast-font-family: 'Times New Roman'; mso-bidi-font-family: 'Times New Roman'; color: #6b4e09; mso-font-kerning: 0pt; mso-ligatures: none; mso-fareast-language: DE-AT;\"><br \/>Impressum:\u00a0<\/span><span style=\"color: black; mso-color-alt: windowtext;\"><a href=\"https:\/\/242mk2.ideanet.at\/impressum\"><span style=\"font-family: Roboto; mso-fareast-font-family: 'Times New Roman'; mso-bidi-font-family: 'Times New Roman'; mso-font-kerning: 0pt; mso-ligatures: none; mso-fareast-language: DE-AT;\">https:\/\/242mk2.ideanet.at\/impressum<\/span><\/a><\/span><\/p><p class=\"MsoNormal\" style=\"margin-bottom: 8.4pt; background-image: initial; background-position: initial; background-size: initial; background-repeat: initial; background-attachment: initial; background-origin: initial; background-clip: initial;\"><b><span style=\"font-size: 18.0pt; font-family: 'Lato',sans-serif; mso-fareast-font-family: 'Times New Roman'; mso-bidi-font-family: 'Times New Roman'; color: #b88714; mso-font-kerning: 0pt; mso-ligatures: none; mso-fareast-language: DE-AT;\">EU-Streitschlichtung<\/span><\/b><\/p><p class=\"MsoNormal\" style=\"margin-bottom: 19.2pt; line-height: normal; background-image: initial; background-position: initial; background-size: initial; background-repeat: initial; background-attachment: initial; background-origin: initial; background-clip: initial;\"><span style=\"font-family: Roboto; mso-fareast-font-family: 'Times New Roman'; mso-bidi-font-family: 'Times New Roman'; color: #6b4e09; mso-font-kerning: 0pt; mso-ligatures: none; mso-fareast-language: DE-AT;\">Gem\u00e4\u00df<br \/>Verordnung \u00fcber Online-Streitbeilegung in Verbraucherangelegenheiten<br \/>(ODR-Verordnung) m\u00f6chten wir Sie \u00fcber die Online-Streitbeilegungsplattform<br \/>(OS-Plattform) informieren.<br \/>Verbraucher haben die M\u00f6glichkeit, Beschwerden an die Online<br \/>Streitbeilegungsplattform der Europ\u00e4ischen Kommission unter\u00a0<\/span><span style=\"color: black; mso-color-alt: windowtext;\"><a href=\"https:\/\/ec.europa.eu\/consumers\/odr\/main\/index.cfm?event=main.home2.show&amp;lng=DE\" target=\"_blank\" rel=\"noopener\"><span style=\"font-family: Roboto; mso-fareast-font-family: 'Times New Roman'; mso-bidi-font-family: 'Times New Roman'; color: #6b4f0c; mso-font-kerning: 0pt; mso-ligatures: none; mso-fareast-language: DE-AT;\">https:\/\/ec.europa.eu\/consumers\/odr\/main\/index.cfm?event=main.home2.show&amp;lng=DE<\/span><\/a><\/span><span style=\"font-family: Roboto; mso-fareast-font-family: 'Times New Roman'; mso-bidi-font-family: 'Times New Roman'; color: #6b4e09; mso-font-kerning: 0pt; mso-ligatures: none; mso-fareast-language: DE-AT;\">\u00a0zu richten. Die daf\u00fcr notwendigen<br \/>Kontaktdaten finden Sie oberhalb in unserem Impressum.<\/span><\/p><p class=\"MsoNormal\" style=\"margin-bottom: 19.2pt; line-height: normal; background-image: initial; background-position: initial; background-size: initial; background-repeat: initial; background-attachment: initial; background-origin: initial; background-clip: initial;\"><span style=\"font-family: Roboto; mso-fareast-font-family: 'Times New Roman'; mso-bidi-font-family: 'Times New Roman'; color: #6b4e09; mso-font-kerning: 0pt; mso-ligatures: none; mso-fareast-language: DE-AT;\">Wir m\u00f6chten<br \/>Sie jedoch darauf hinweisen, dass wir nicht bereit oder verpflichtet sind, an<br \/>Streitbeilegungsverfahren vor einer Verbraucherschlichtungsstelle teilzunehmen.<\/span><\/p><p class=\"MsoNormal\" style=\"margin-bottom: 8.4pt; background-image: initial; background-position: initial; background-size: initial; background-repeat: initial; background-attachment: initial; background-origin: initial; background-clip: initial;\"><b><span style=\"font-size: 18.0pt; font-family: 'Lato',sans-serif; mso-fareast-font-family: 'Times New Roman'; mso-bidi-font-family: 'Times New Roman'; color: #b88714; mso-font-kerning: 0pt; mso-ligatures: none; mso-fareast-language: DE-AT;\">Haftung f\u00fcr<br \/>Inhalte dieser Website<\/span><\/b><\/p><p class=\"MsoNormal\" style=\"margin-bottom: 19.2pt; line-height: normal; background-image: initial; background-position: initial; background-size: initial; background-repeat: initial; background-attachment: initial; background-origin: initial; background-clip: initial;\"><span style=\"font-family: Roboto; mso-fareast-font-family: 'Times New Roman'; mso-bidi-font-family: 'Times New Roman'; color: #6b4e09; mso-font-kerning: 0pt; mso-ligatures: none; mso-fareast-language: DE-AT;\">Wir<br \/>entwickeln die Inhalte dieser Website st\u00e4ndig weiter und bem\u00fchen uns korrekte<br \/>und aktuelle Informationen bereitzustellen. Leider k\u00f6nnen wir keine Haftung f\u00fcr<br \/>die Korrektheit aller Inhalte auf dieser Website \u00fcbernehmen, speziell f\u00fcr jene,<br \/>die seitens Dritter bereitgestellt wurden. Als Diensteanbieter sind wir nicht<br \/>verpflichtet, die von Ihnen \u00fcbermittelten oder gespeicherten Informationen zu<br \/>\u00fcberwachen oder nach Umst\u00e4nden zu forschen, die auf eine rechtswidrige<br \/>T\u00e4tigkeit hinweisen.<\/span><\/p><p class=\"MsoNormal\" style=\"margin-bottom: 19.2pt; line-height: normal; background-image: initial; background-position: initial; background-size: initial; background-repeat: initial; background-attachment: initial; background-origin: initial; background-clip: initial;\"><span style=\"font-family: Roboto; mso-fareast-font-family: 'Times New Roman'; mso-bidi-font-family: 'Times New Roman'; color: #6b4e09; mso-font-kerning: 0pt; mso-ligatures: none; mso-fareast-language: DE-AT;\">Unsere<br \/>Verpflichtungen zur Entfernung von Informationen oder zur Sperrung der Nutzung<br \/>von Informationen nach den allgemeinen Gesetzen aufgrund von gerichtlichen oder<br \/>beh\u00f6rdlichen Anordnungen bleiben auch im Falle unserer Nichtverantwortlichkeit<br \/>davon unber\u00fchrt.<\/span><\/p><p class=\"MsoNormal\" style=\"margin-bottom: 19.2pt; line-height: normal; background-image: initial; background-position: initial; background-size: initial; background-repeat: initial; background-attachment: initial; background-origin: initial; background-clip: initial;\"><span style=\"font-family: Roboto; mso-fareast-font-family: 'Times New Roman'; mso-bidi-font-family: 'Times New Roman'; color: #6b4e09; mso-font-kerning: 0pt; mso-ligatures: none; mso-fareast-language: DE-AT;\">Sollten<br \/>Ihnen problematische oder rechtswidrige Inhalte auffallen, bitte wir Sie uns<br \/>umgehend zu kontaktieren, damit wir die rechtswidrigen Inhalte entfernen k\u00f6nnen.<br \/>Sie finden die Kontaktdaten im Impressum.<\/span><\/p><p class=\"MsoNormal\" style=\"margin-bottom: 8.4pt; background-image: initial; background-position: initial; background-size: initial; background-repeat: initial; background-attachment: initial; background-origin: initial; background-clip: initial;\"><b><span style=\"font-size: 18.0pt; font-family: 'Lato',sans-serif; mso-fareast-font-family: 'Times New Roman'; mso-bidi-font-family: 'Times New Roman'; color: #b88714; mso-font-kerning: 0pt; mso-ligatures: none; mso-fareast-language: DE-AT;\">Haftung f\u00fcr<br \/>Links auf dieser Website<\/span><\/b><\/p><p class=\"MsoNormal\" style=\"margin-bottom: 19.2pt; line-height: normal; background-image: initial; background-position: initial; background-size: initial; background-repeat: initial; background-attachment: initial; background-origin: initial; background-clip: initial;\"><span style=\"font-family: Roboto; mso-fareast-font-family: 'Times New Roman'; mso-bidi-font-family: 'Times New Roman'; color: #6b4e09; mso-font-kerning: 0pt; mso-ligatures: none; mso-fareast-language: DE-AT;\">Unsere<br \/>Website enth\u00e4lt Links zu anderen Websites f\u00fcr deren Inhalt wir nicht<br \/>verantwortlich sind. Haftung f\u00fcr verlinkte Websites besteht f\u00fcr uns nicht, da<br \/>wir keine Kenntnis rechtswidriger T\u00e4tigkeiten hatten und haben, uns solche<br \/>Rechtswidrigkeiten auch bisher nicht aufgefallen sind und wir Links sofort<br \/>entfernen w\u00fcrden, wenn uns Rechtswidrigkeiten bekannt werden.<\/span><\/p><p class=\"MsoNormal\" style=\"margin-bottom: 19.2pt; line-height: normal; background-image: initial; background-position: initial; background-size: initial; background-repeat: initial; background-attachment: initial; background-origin: initial; background-clip: initial;\"><span style=\"font-family: Roboto; mso-fareast-font-family: 'Times New Roman'; mso-bidi-font-family: 'Times New Roman'; color: #6b4e09; mso-font-kerning: 0pt; mso-ligatures: none; mso-fareast-language: DE-AT;\">Wenn Ihnen<br \/>rechtswidrige Links auf unserer Website auffallen, bitte wir Sie uns zu<br \/>kontaktieren. Sie finden die Kontaktdaten im Impressum.<\/span><\/p><p class=\"MsoNormal\" style=\"margin-bottom: 8.4pt; background-image: initial; background-position: initial; background-size: initial; background-repeat: initial; background-attachment: initial; background-origin: initial; background-clip: initial;\"><b><span style=\"font-size: 18.0pt; font-family: 'Lato',sans-serif; mso-fareast-font-family: 'Times New Roman'; mso-bidi-font-family: 'Times New Roman'; color: #b88714; mso-font-kerning: 0pt; mso-ligatures: none; mso-fareast-language: DE-AT;\">Urheberrechtshinweis<\/span><\/b><\/p><p class=\"MsoNormal\" style=\"margin-bottom: 19.2pt; line-height: normal; background-image: initial; background-position: initial; background-size: initial; background-repeat: initial; background-attachment: initial; background-origin: initial; background-clip: initial;\"><span style=\"font-family: Roboto; mso-fareast-font-family: 'Times New Roman'; mso-bidi-font-family: 'Times New Roman'; color: #6b4e09; mso-font-kerning: 0pt; mso-ligatures: none; mso-fareast-language: DE-AT;\">Alle<br \/>Inhalte dieser Webseite (Bilder, Fotos, Texte, Videos) unterliegen dem<br \/>Urheberrecht. Bitte fragen Sie uns bevor Sie die Inhalte dieser Website<br \/>verbreiten, vervielf\u00e4ltigen oder verwerten wie zum Beispiel auf anderen<br \/>Websites erneut ver\u00f6ffentlichen. Falls notwendig, werden wir die unerlaubte<br \/>Nutzung von Teilen der Inhalte unserer Seite rechtlich verfolgen.<\/span><\/p><p class=\"MsoNormal\" style=\"margin-bottom: 19.2pt; line-height: normal; background-image: initial; background-position: initial; background-size: initial; background-repeat: initial; background-attachment: initial; background-origin: initial; background-clip: initial;\"><span style=\"font-family: Roboto; mso-fareast-font-family: 'Times New Roman'; mso-bidi-font-family: 'Times New Roman'; color: #6b4e09; mso-font-kerning: 0pt; mso-ligatures: none; mso-fareast-language: DE-AT;\">Sollten Sie<br \/>auf dieser Webseite Inhalte finden, die das Urheberrecht verletzen, bitten wir<br \/>Sie uns zu kontaktieren.<\/span><\/p><p class=\"MsoNormal\" style=\"margin-bottom: 8.4pt; background-image: initial; background-position: initial; background-size: initial; background-repeat: initial; background-attachment: initial; background-origin: initial; background-clip: initial;\"><b><span style=\"font-size: 18.0pt; font-family: 'Lato',sans-serif; mso-fareast-font-family: 'Times New Roman'; mso-bidi-font-family: 'Times New Roman'; color: #b88714; mso-font-kerning: 0pt; mso-ligatures: none; mso-fareast-language: DE-AT;\">Bildernachweis<\/span><\/b><\/p><p class=\"MsoNormal\" style=\"margin-bottom: 19.2pt; line-height: normal; background-image: initial; background-position: initial; background-size: initial; background-repeat: initial; background-attachment: initial; background-origin: initial; background-clip: initial;\"><span style=\"font-family: Roboto; mso-fareast-font-family: 'Times New Roman'; mso-bidi-font-family: 'Times New Roman'; color: #6b4e09; mso-font-kerning: 0pt; mso-ligatures: none; mso-fareast-language: DE-AT;\">Die Bilder,<br \/>Fotos und Grafiken auf dieser Webseite sind urheberrechtlich gesch\u00fctzt.<\/span><\/p><p class=\"MsoNormal\" style=\"margin-bottom: 19.2pt; line-height: normal; background-image: initial; background-position: initial; background-size: initial; background-repeat: initial; background-attachment: initial; background-origin: initial; background-clip: initial;\"><span style=\"font-family: Roboto; mso-fareast-font-family: 'Times New Roman'; mso-bidi-font-family: 'Times New Roman'; color: #6b4e09; mso-font-kerning: 0pt; mso-ligatures: none; mso-fareast-language: DE-AT;\">Alle Texte<br \/>sind urheberrechtlich gesch\u00fctzt.<\/span><\/p><p class=\"MsoNormal\" style=\"margin-bottom: 19.2pt; line-height: normal; background-image: initial; background-position: initial; background-size: initial; background-repeat: initial; background-attachment: initial; background-origin: initial; background-clip: initial;\"><span style=\"font-family: Roboto; mso-fareast-font-family: 'Times New Roman'; mso-bidi-font-family: 'Times New Roman'; color: #6b4e09; mso-font-kerning: 0pt; mso-ligatures: none; mso-fareast-language: DE-AT;\">Quelle:<br \/>Erstellt mit dem\u00a0<\/span><span style=\"color: black; mso-color-alt: windowtext;\"><a title=\"Impressum Generator von AdSimple f\u00fcr \u00d6sterreich\" href=\"https:\/\/www.adsimple.at\/impressum-generator\/\"><span style=\"font-family: Roboto; mso-fareast-font-family: 'Times New Roman'; mso-bidi-font-family: 'Times New Roman'; color: #6b4f0c; mso-font-kerning: 0pt; mso-ligatures: none; mso-fareast-language: DE-AT;\">Impressum Generator<\/span><\/a><\/span><span style=\"font-family: Roboto; mso-fareast-font-family: 'Times New Roman'; mso-bidi-font-family: 'Times New Roman'; color: #6b4e09; mso-font-kerning: 0pt; mso-ligatures: none; mso-fareast-language: DE-AT;\">\u00a0von AdSimple<\/span><\/p><p class=\"MsoNormal\">\u00a0<\/p>\t\t\t\t\t\t\t\t<\/div>\n\t\t\t\t<\/div>\n\t\t\t\t\t<\/div>\n\t\t\t\t<\/div>\n\t\t\t\t<\/div>\n\t\t","protected":false},"excerpt":{"rendered":"<p>Impressum Angabengem\u00e4\u00df Informationspflicht laut \u00a75 E-Commerce Gesetz, \u00a714Unternehmensgesetzbuch, \u00a763 Gewerbeordnung und Offenlegungspflicht laut \u00a725Mediengesetz. Eine Reiseum die WeltEnnikl MichaelDirnbergerstra\u00dfe 41,4320 Perg,\u00d6sterreich Unternehmensgegenstand:\u00a0Reiseblog E-Mail: michael.ennikl@hakperg.at Kontaktdatendes Verantwortlichen f\u00fcr DatenschutzSollten Sie Fragen zum Datenschutz haben, finden Sie nachfolgend dieKontaktdaten der verantwortlichen Person bzw. Stelle:Ennikl Michael, BHAK Perg(\u00dcbungsseite f\u00fcr Schulzwecke)E-Mail-Adresse: michael.ennikl@hakperg.atImpressum:\u00a0https:\/\/242mk2.ideanet.at\/impressum EU-Streitschlichtung Gem\u00e4\u00dfVerordnung \u00fcber Online-Streitbeilegung in Verbraucherangelegenheiten(ODR-Verordnung) m\u00f6chten wir Sie \u00fcber die Online-Streitbeilegungsplattform(OS-Plattform) informieren.Verbraucher haben die M\u00f6glichkeit, Beschwerden an die OnlineStreitbeilegungsplattform der Europ\u00e4ischen Kommission unter\u00a0https:\/\/ec.europa.eu\/consumers\/odr\/main\/index.cfm?event=main.home2.show&amp;lng=DE\u00a0zu richten. Die daf\u00fcr notwendigenKontaktdaten finden Sie oberhalb in unserem Impressum. Wir m\u00f6chtenSie jedoch darauf hinweisen, dass wir nicht bereit oder verpflichtet sind, anStreitbeilegungsverfahren vor einer Verbraucherschlichtungsstelle teilzunehmen. Haftung f\u00fcrInhalte dieser Website Wirentwickeln die Inhalte dieser Website st\u00e4ndig weiter und bem\u00fchen uns korrekteund aktuelle Informationen bereitzustellen. Leider k\u00f6nnen wir keine Haftung f\u00fcrdie Korrektheit aller Inhalte auf dieser Website \u00fcbernehmen, speziell f\u00fcr jene,die seitens Dritter bereitgestellt wurden. Als Diensteanbieter sind wir nichtverpflichtet, die von Ihnen \u00fcbermittelten oder gespeicherten Informationen zu\u00fcberwachen oder nach Umst\u00e4nden zu forschen, die auf eine rechtswidrigeT\u00e4tigkeit hinweisen. UnsereVerpflichtungen zur Entfernung von Informationen oder zur Sperrung der Nutzungvon Informationen nach den allgemeinen Gesetzen aufgrund von gerichtlichen oderbeh\u00f6rdlichen Anordnungen bleiben auch im Falle unserer Nichtverantwortlichkeitdavon unber\u00fchrt. SolltenIhnen problematische oder rechtswidrige Inhalte auffallen, bitte wir Sie unsumgehend zu kontaktieren, damit wir die rechtswidrigen Inhalte entfernen k\u00f6nnen.Sie finden die Kontaktdaten im Impressum. Haftung f\u00fcrLinks auf dieser Website UnsereWebsite enth\u00e4lt Links zu anderen Websites f\u00fcr deren Inhalt wir nichtverantwortlich sind. Haftung f\u00fcr verlinkte Websites besteht f\u00fcr uns nicht, dawir keine Kenntnis rechtswidriger T\u00e4tigkeiten hatten und haben, uns solcheRechtswidrigkeiten auch bisher nicht aufgefallen sind und wir Links sofortentfernen w\u00fcrden, wenn uns Rechtswidrigkeiten bekannt werden. Wenn Ihnenrechtswidrige Links auf unserer Website auffallen, bitte wir Sie uns zukontaktieren. Sie finden die Kontaktdaten im Impressum. Urheberrechtshinweis AlleInhalte dieser Webseite (Bilder, Fotos, Texte, Videos) unterliegen demUrheberrecht. Bitte fragen Sie uns bevor Sie die Inhalte dieser Websiteverbreiten, vervielf\u00e4ltigen oder verwerten wie zum Beispiel auf anderenWebsites erneut ver\u00f6ffentlichen. Falls notwendig, werden wir die unerlaubteNutzung von Teilen der Inhalte unserer Seite rechtlich verfolgen. Sollten Sieauf dieser Webseite Inhalte finden, die das Urheberrecht verletzen, bitten wirSie uns zu kontaktieren. Bildernachweis Die Bilder,Fotos und Grafiken auf dieser Webseite sind urheberrechtlich gesch\u00fctzt. Alle Textesind urheberrechtlich gesch\u00fctzt. Quelle:Erstellt mit dem\u00a0Impressum Generator\u00a0von AdSimple \u00a0<\/p>\n","protected":false},"author":1,"featured_media":0,"parent":0,"menu_order":0,"comment_status":"closed","ping_status":"closed","template":"","meta":{"site-sidebar-layout":"no-sidebar","site-content-layout":"","ast-site-content-layout":"full-width-container","site-content-style":"default","site-sidebar-style":"default","ast-global-header-display":"","ast-banner-title-visibility":"","ast-main-header-display":"","ast-hfb-above-header-display":"","ast-hfb-below-header-display":"","ast-hfb-mobile-header-display":"","site-post-title":"disabled","ast-breadcrumbs-content":"","ast-featured-img":"disabled","footer-sml-layout":"","ast-disable-related-posts":"","theme-transparent-header-meta":"","adv-header-id-meta":"","stick-header-meta":"","header-above-stick-meta":"","header-main-stick-meta":"","header-below-stick-meta":"","astra-migrate-meta-layouts":"default","ast-page-background-enabled":"default","ast-page-background-meta":{"desktop":{"background-color":"var(--ast-global-color-5)","background-image":"","background-repeat":"repeat","background-position":"center center","background-size":"auto","background-attachment":"scroll","background-type":"","background-media":"","overlay-type":"","overlay-color":"","overlay-opacity":"","overlay-gradient":""},"tablet":{"background-color":"","background-image":"","background-repeat":"repeat","background-position":"center center","background-size":"auto","background-attachment":"scroll","background-type":"","background-media":"","overlay-type":"","overlay-color":"","overlay-opacity":"","overlay-gradient":""},"mobile":{"background-color":"","background-image":"","background-repeat":"repeat","background-position":"center center","background-size":"auto","background-attachment":"scroll","background-type":"","background-media":"","overlay-type":"","overlay-color":"","overlay-opacity":"","overlay-gradient":""}},"ast-content-background-meta":{"desktop":{"background-color":"var(--ast-global-color-4)","background-image":"","background-repeat":"repeat","background-position":"center center","background-size":"auto","background-attachment":"scroll","background-type":"","background-media":"","overlay-type":"","overlay-color":"","overlay-opacity":"","overlay-gradient":""},"tablet":{"background-color":"var(--ast-global-color-4)","background-image":"","background-repeat":"repeat","background-position":"center center","background-size":"auto","background-attachment":"scroll","background-type":"","background-media":"","overlay-type":"","overlay-color":"","overlay-opacity":"","overlay-gradient":""},"mobile":{"background-color":"var(--ast-global-color-4)","background-image":"","background-repeat":"repeat","background-position":"center center","background-size":"auto","background-attachment":"scroll","background-type":"","background-media":"","overlay-type":"","overlay-color":"","overlay-opacity":"","overlay-gradient":""}},"footnotes":""},"class_list":["post-246","page","type-page","status-publish","hentry"],"_links":{"self":[{"href":"https:\/\/25mennikl.ideanet.at\/index.php\/wp-json\/wp\/v2\/pages\/246","targetHints":{"allow":["GET"]}}],"collection":[{"href":"https:\/\/25mennikl.ideanet.at\/index.php\/wp-json\/wp\/v2\/pages"}],"about":[{"href":"https:\/\/25mennikl.ideanet.at\/index.php\/wp-json\/wp\/v2\/types\/page"}],"author":[{"embeddable":true,"href":"https:\/\/25mennikl.ideanet.at\/index.php\/wp-json\/wp\/v2\/users\/1"}],"replies":[{"embeddable":true,"href":"https:\/\/25mennikl.ideanet.at\/index.php\/wp-json\/wp\/v2\/comments?post=246"}],"version-history":[{"count":7,"href":"https:\/\/25mennikl.ideanet.at\/index.php\/wp-json\/wp\/v2\/pages\/246\/revisions"}],"predecessor-version":[{"id":268,"href":"https:\/\/25mennikl.ideanet.at\/index.php\/wp-json\/wp\/v2\/pages\/246\/revisions\/268"}],"wp:attachment":[{"href":"https:\/\/25mennikl.ideanet.at\/index.php\/wp-json\/wp\/v2\/media?parent=246"}],"curies":[{"name":"wp","href":"https:\/\/api.w.org\/{rel}","templated":true}]}}